{"id":1578,"date":"2018-10-03T13:50:33","date_gmt":"2018-10-03T13:50:33","guid":{"rendered":"http:\/\/angelicacirillo.it\/english\/?page_id=1578"},"modified":"2023-09-10T14:23:49","modified_gmt":"2023-09-10T14:23:49","slug":"informativa-privacy","status":"publish","type":"page","link":"https:\/\/angelicacirillo.it\/english\/informativa-privacy\/","title":{"rendered":"Informativa sulla privacy"},"content":{"rendered":"<p>Questo \u00e8 il sito ufficiale del Soprano Angelica Cirillo<\/p>\n<p>L&#8217;indirizzo del sito web \u00e8: https:\/\/angelicacirillo.it.<\/p>\n<p>Responsabile per il contenuto di questo sito web \u00e8 Angelica Cirillo.<\/p>\n<p>E-mail: \u00a0info@angelicacirillo.it<\/p>\n<p><strong>LUOGO DI TRATTAMENTO DEI DATI<\/strong><\/p>\n<p>I trattamenti connessi ai servizi del sito hanno luogo presso la sede del Titolare, ovvero nei diversi luoghi (sede risorse\/societ\u00e0 terze fornitrici di servizi IT che operano sul sito, anche in remoto).<\/p>\n<p><strong>TIPI DI DATI TRATTATI<\/strong><\/p>\n<p>Vengono trattati unicamente dati di navigazione.<\/p>\n<p>I sistemi informatici e le procedure software preposti al funzionamento del sito (sistemi e procedure appartenenti ai terzi providers dei servizi di hosting, e-mail, etc.) potrebbero dover acquisire alcuni dati personali la cui trasmissione \u00e8 implicita nell\u2019uso dei protocolli di comunicazione di Internet. Si tratta d\u2019informazioni che non sono raccolte per essere associate a interessati identificati, ma che per loro stessa natura potrebbero, attraverso elaborazioni ed associazioni con dati detenuti da terzi, permettere di identificare gli utenti. In questa categoria di dati rientrano gli indirizzi IP o i nomi a dominio dei computer utilizzati dagli utenti che si connettono al sito, gli indirizzi in notazione URI (Uniform Resource Identifier) delle risorse richieste, l\u2019orario della richiesta, il metodo utilizzato nel sottoporre la richiesta al server, la dimensione del file ottenuto in risposta, il codice numerico indicante lo stato della risposta data dal (buon fine, errore, ecc.) ed altri parametri relativi al sistema operativo e all\u2019ambiente informatico dell\u2019utente. Questi dati vengono utilizzati al solo fine di controllare il corretto funzionamento del sito, ovvero per l\u2019accertamento di responsabilit\u00e0 in caso di ipotetici reati informatici ai danni del sito; nel primo caso, vengono cancellati immediatamente dopo l\u2019elaborazione; nel secondo, vengono conservati solo per il tempo necessario a chiudere la verifica ed eventualmente perseguire il responsabile del reato con segnalazione all&#8217;Autorit\u00e0 Giudiziaria.<\/p>\n<p>La comunicazione facoltativa e volontaria del proprio indirizzo di posta elettronica e\/o altri dati personali comporta la successiva acquisizione dell\u2019indirizzo del mittente e di altri dati necessari per rispondere alle richieste.<\/p>\n<p>Qualora vi fossero finalit\u00e0 secondarie di tipo promozionale, esso sono consentite solamente dopo aver ottenuto specifico consenso dall&#8217;Interessato.<\/p>\n<p><strong>MODALIT\u00c0 DEL TRATTAMENTO<\/strong><\/p>\n<p>I dati vengono trattati con elaboratori elettronici. Specifiche adeguate misure per la sicurezza del trattamento (art. 32 del GDPR) sono osservate per prevenire la perdita dei dati, usi illeciti o non corretti e accessi non autorizzati.<\/p>\n<p>Nell\u2019ambito della navigazione sul sito internet, non avviene alcun trattamento di dati particolari (art. 9 del\u00a0 GDPR) o dati giudiziari (art. 10 del GDPR).<\/p>\n<p><strong>DIRITTI DEGLI INTERESSATI<\/strong><\/p>\n<p>Gli Interessati hanno il diritto in qualunque momento di ottenere la conferma dell\u2019esistenza o meno dei medesimi dati e di conoscerne il contenuto e l\u2019origine, verificarne l\u2019esattezza o chiederne l\u2019integrazione, l\u2019aggiornamento, l&#8217;opposizione, la rettifica e di esercitare i propri diritti (articoli da 15 a 22 del Regolamento UE 679\/16). Per esercitare tali diritti, gli Interessati possono rivolgersi al Titolare, via e-mail all\u2019indirizzo: info@angelicacirillo.it<\/p>\n<p><strong>PERIODO DI CONSERVAZIONE<\/strong><\/p>\n<p>In relazione alle diverse finalit\u00e0 e agli scopi per i quali sono stati raccolti, i dati saranno conservati per il tempo previsto dalla normativa di riferimento (Normativa Cookies) ovvero per quello strettamente necessario al perseguimento delle finalit\u00e0 e avverr\u00e0, comunque, nel rispetto dei principi di necessit\u00e0, finalit\u00e0, pertinenza e non eccedenza previsti dal GDPR.<\/p>\n<p><strong>RECLAMO ALL\u2019AUTORIT\u00c0 COMPETENTE<\/strong><\/p>\n<p>Pu\u00f2 essere sporto reclamo in relazione al trattamento all\u2019Autorit\u00e0 competente: Garante sulla Protezione dei Dati personali, Piazza Venezia 11 &#8211; 00187 ROMA, Fax: (+39) 06.69677.3785, Centralino telefonico: (+39) 06.696771, E-mail: <a href=\"mailto:garante@gpdp.it\">garante@gpdp.it<\/a><\/p>\n<p><strong>COPYRIGHT<\/strong><\/p>\n<p>Tutte le informazioni e i contenuti del sito (quali, a titolo meramente esemplificativo e non esaustivo, i testi, la grafica, i files, le tabelle, le immagini ed i dati presenti all\u2019interno delle pagine), inclusi i programmi software disponibili nel e tramite lo stesso, sono protetti ai sensi della normativa in vigore in materia di propriet\u00e0 intellettuale e\/o industriale. Agli utenti \u00e8 espressamente vietato modificare, copiare, distribuire, trasmettere, mostrare, pubblicare, commercializzare o concedere in licenza qualsiasi tipo di contenuto disponibile nel o tramite il sito per scopi commerciali o pubblici. Eventuali violazioni saranno tempestivamente segnalate all&#8217;Autorit\u00e0 Giudiziaria.<\/p>\n<h2>Quali dati personali vengono raccolti e perch\u00e9 vengono raccolti<\/h2>\n<h3>Contenuto incorporato da altri siti web<\/h3>\n<p>Gli articoli su questo sito possono includere contenuti incorporati (ad esempio video, immagini, articoli, ecc.). I contenuti incorporati da altri siti web si comportano esattamente allo stesso modo come se il visitatore avesse visitato l&#8217;altro sito web.<\/p>\n<p>Questi siti web possono raccogliere dati su di te, usare cookie, integrare ulteriori tracciamenti di terze parti e monitorare l&#8217;interazione con quel contenuto incorporato, incluso il tracciamento della tua interazione con il contenuto incorporato se hai un account e hai effettuato l&#8217;accesso a quel sito web.<\/p>\n<h3>Cookie<\/h3>\n<p>L&#8217;utente pu\u00f2 anche decidere se accettare o meno i cookie utilizzando le impostazioni del proprio\u00a0<em>browser<\/em>.<\/p>\n<p>L&#8217;impostazione pu\u00f2 essere definita in modo specifico per i diversi siti e applicazioni web. Tramite le impostazioni del browser \u00e8 inoltre possibile eliminare i Cookies installati in passato, incluso il Cookies in cui venga eventualmente salvato il consenso all&#8217;installazione di Cookies da parte di questo sito.<\/p>\n<p>L\u2019Utente pu\u00f2 trovare informazioni su come gestire i Cookies nel proprio browser ai seguenti indirizzi:<\/p>\n<ul>\n<li><a href=\"https:\/\/support.google.com\/chrome\/answer\/95647?hl=en&amp;p=cpn_Cookies\">Google Chrome<\/a><\/li>\n<li><a href=\"https:\/\/support.mozilla.org\/it\/kb\/Attivare%20e%20disattivare%20i%20cookie?redirectlocale=en-US&amp;redirectslug=Enabling+and+disabling+cookies\">Mozilla Firefox<\/a><\/li>\n<li><a href=\"https:\/\/support.apple.com\/kb\/PH19214?viewlocale=it_IT&amp;locale=en_US\">Apple Safari<\/a><\/li>\n<li><a href=\"http:\/\/windows.microsoft.com\/it-it\/windows-vista\/block-or-allow-cookies\">Microsoft Windows Explorer<\/a><\/li>\n<li><a href=\"http:\/\/help.opera.com\/Windows\/10.00\/it\/cookies.html\">Opera<\/a><\/li>\n<\/ul>\n<p>Da dispositivo mobile:<\/p>\n<ul>\n<li><a href=\"https:\/\/support.google.com\/chrome\/answer\/95647?hl=it\">Android<\/a><\/li>\n<li><a href=\"https:\/\/support.apple.com\/it-it\/HT201265\">Apple iOS<\/a><\/li>\n<li><a href=\"http:\/\/www.windowsphone.com\/it-it\/how-to\/wp7\/web\/changing-privacy-and-other-browser-settings\">Windows Phone<\/a><\/li>\n<li><a href=\"https:\/\/www.blackberry.com\/us\/en\/legal\/cookies\">Blackberry<\/a><\/li>\n<\/ul>\n<p>Per maggiori informazioni sui Cookies e per gestire le preferenze sui Cookies di prima e\/o terza parte si pu\u00f2 anche visitare la piattaforma <a href=\"http:\/\/www.youronlinechoices.com\/\">www.youronlinechoices.com.<\/a><\/p>\n<p>Dal momento che l&#8217;installazione di Cookies e di altri sistemi di tracciamento operata da terze parti tramite i servizi utilizzati all&#8217;interno di questo sito non pu\u00f2 essere tecnicamente controllata dal Titolare, ogni riferimento specifico a Cookies e sistemi di tracciamento installati da terze parti \u00e9 da considerarsi indicativo. Per ottenere informazioni complete, consulta la privacy policy degli eventuali servizi terzi elencati in questo documento o, in caso di link non pi\u00f9 visualizzabili, visita la relativa sezione sui siti dei relativi fornitori.<\/p>\n<p><strong>MODIFICHE DELL\u2019INFORMATIVA <\/strong><\/p>\n<p>Eventuali modifiche alla presente informativa verranno pubblicate sul sito. L\u2019utente \u00e8 invitato a verificare eventuali aggiornamenti o modifiche.<\/p>\n<p><em>Questa pagina \u00e8 visibile, mediante link in calce in tutte le pagine del Sito ai sensi dell\u2019art. 122 secondo comma del D.lgs. 196\/2003 e a seguito delle modalit\u00e0 semplificate per l\u2019informativa e l\u2019acquisizione del consenso per l\u2019uso dei cookie pubblicata sulla Gazzetta Ufficiale n.126 del 3 giugno 2014 e relativo registro dei provvedimenti n.229 dell\u20198 maggio 2014.<\/em><\/p>\n","protected":false},"excerpt":{"rendered":"<p>Questo \u00e8 il sito ufficiale del Soprano Angelica Cirillo L&#8217;indirizzo del sito web \u00e8: https:\/\/angelicacirillo.it. Responsabile per il contenuto di questo sito web \u00e8 Angelica Cirillo. E-mail: \u00a0info@angelicacirillo.it LUOGO DI TRATTAMENTO DEI DATI I trattamenti connessi ai servizi del sito hanno luogo presso la sede del Titolare, ovvero nei diversi luoghi (sede risorse\/societ\u00e0 terze fornitrici<\/p>\n","protected":false},"author":1,"featured_media":0,"parent":0,"menu_order":0,"comment_status":"closed","ping_status":"closed","template":"","meta":{"footnotes":""},"_links":{"self":[{"href":"https:\/\/angelicacirillo.it\/english\/wp-json\/wp\/v2\/pages\/1578"}],"collection":[{"href":"https:\/\/angelicacirillo.it\/english\/wp-json\/wp\/v2\/pages"}],"about":[{"href":"https:\/\/angelicacirillo.it\/english\/wp-json\/wp\/v2\/types\/page"}],"author":[{"embeddable":true,"href":"https:\/\/angelicacirillo.it\/english\/wp-json\/wp\/v2\/users\/1"}],"replies":[{"embeddable":true,"href":"https:\/\/angelicacirillo.it\/english\/wp-json\/wp\/v2\/comments?post=1578"}],"version-history":[{"count":11,"href":"https:\/\/angelicacirillo.it\/english\/wp-json\/wp\/v2\/pages\/1578\/revisions"}],"predecessor-version":[{"id":2680,"href":"https:\/\/angelicacirillo.it\/english\/wp-json\/wp\/v2\/pages\/1578\/revisions\/2680"}],"wp:attachment":[{"href":"https:\/\/angelicacirillo.it\/english\/wp-json\/wp\/v2\/media?parent=1578"}],"curies":[{"name":"wp","href":"https:\/\/api.w.org\/{rel}","templated":true}]}}